{"id":63,"date":"2025-12-08T12:43:22","date_gmt":"2025-12-08T12:43:22","guid":{"rendered":"http:\/\/52.57.92.130\/?page_id=63"},"modified":"2026-02-17T08:49:17","modified_gmt":"2026-02-17T08:49:17","slug":"produktet","status":"publish","type":"page","link":"https:\/\/aoosbiofarm.com\/en\/produktet\/","title":{"rendered":"Produktet"},"content":{"rendered":"<div data-elementor-type=\"wp-page\" data-elementor-id=\"63\" class=\"elementor elementor-63\" data-elementor-post-type=\"page\">\n\t\t\t\t<div class=\"elementor-element elementor-element-056eedd e-con-full e-flex e-con e-parent\" data-id=\"056eedd\" data-element_type=\"container\" data-e-type=\"container\" data-settings=\"{&quot;background_background&quot;:&quot;classic&quot;}\">\n\t\t\t\t<div class=\"elementor-element elementor-element-7cfd544 elementor-widget elementor-widget-heading\" data-id=\"7cfd544\" data-element_type=\"widget\" data-e-type=\"widget\" data-widget_type=\"heading.default\">\n\t\t\t\t\t<h1 class=\"elementor-heading-title elementor-size-default\">Discover<br>\nOur Products<\/h1>\t\t\t\t<\/div>\n\t\t\t\t<\/div>\n\t\t<div class=\"elementor-element elementor-element-2135e63 e-con-full e-flex e-con e-parent\" data-id=\"2135e63\" data-element_type=\"container\" data-e-type=\"container\" data-settings=\"{&quot;background_background&quot;:&quot;classic&quot;}\">\n\t\t<div class=\"elementor-element elementor-element-431db7a e-con-full e-flex e-con e-child\" data-id=\"431db7a\" data-element_type=\"container\" data-e-type=\"container\" id=\"djathbardh\">\n\t\t<div class=\"elementor-element elementor-element-09ad549 e-con-full e-flex e-con e-child\" data-id=\"09ad549\" data-element_type=\"container\" data-e-type=\"container\">\n\t\t\t\t<div class=\"elementor-element elementor-element-ba38e04 elementor-widget elementor-widget-heading\" data-id=\"ba38e04\" data-element_type=\"widget\" data-e-type=\"widget\" data-widget_type=\"heading.default\">\n\t\t\t\t\t<h2 class=\"elementor-heading-title elementor-size-default\">White Cheese <\/h2>\t\t\t\t<\/div>\n\t\t\t\t<div class=\"elementor-element elementor-element-e3fd1f9 elementor-widget elementor-widget-heading\" data-id=\"e3fd1f9\" data-element_type=\"widget\" data-e-type=\"widget\" data-widget_type=\"heading.default\">\n\t\t\t\t\t<h3 class=\"elementor-heading-title elementor-size-default\">Made from sheep\u2019s milk, with a clean taste and soft texture, ideal for daily consumption and traditional recipes. Carefully preserved and packaged to maintain the natural balance of flavor and the product\u2019s freshness.<\/h3>\t\t\t\t<\/div>\n\t\t\t\t<\/div>\n\t\t<div class=\"elementor-element elementor-element-bd48805 e-con-full e-flex e-con e-child\" data-id=\"bd48805\" data-element_type=\"container\" data-e-type=\"container\">\n\t\t\t\t<div class=\"elementor-element elementor-element-2bb91e6 elementor-widget elementor-widget-image\" data-id=\"2bb91e6\" data-element_type=\"widget\" data-e-type=\"widget\" data-widget_type=\"image.default\">\n\t\t\t\t\t\t\t\t\t\t\t\t\t\t\t<img fetchpriority=\"high\" decoding=\"async\" width=\"453\" height=\"439\" src=\"https:\/\/aoosbiofarm.com\/wp-content\/uploads\/2026\/02\/Vector.png\" class=\"attachment-full size-full wp-image-1141\" alt=\"\" srcset=\"https:\/\/aoosbiofarm.com\/wp-content\/uploads\/2026\/02\/Vector.png 453w, https:\/\/aoosbiofarm.com\/wp-content\/uploads\/2026\/02\/Vector-300x291.png 300w, https:\/\/aoosbiofarm.com\/wp-content\/uploads\/2026\/02\/Vector-12x12.png 12w\" sizes=\"(max-width: 453px) 100vw, 453px\" \/>\t\t\t\t\t\t\t\t\t\t\t\t\t\t\t<\/div>\n\t\t\t\t<\/div>\n\t\t\t\t<\/div>\n\t\t<div class=\"elementor-element elementor-element-7299615 e-con-full e-flex e-con e-child\" data-id=\"7299615\" data-element_type=\"container\" data-e-type=\"container\" id=\"djathkackavall\">\n\t\t<div class=\"elementor-element elementor-element-a70cb67 e-con-full e-flex e-con e-child\" data-id=\"a70cb67\" data-element_type=\"container\" data-e-type=\"container\">\n\t\t\t\t<div class=\"elementor-element elementor-element-4e153d7 elementor-widget elementor-widget-image\" data-id=\"4e153d7\" data-element_type=\"widget\" data-e-type=\"widget\" data-widget_type=\"image.default\">\n\t\t\t\t\t\t\t\t\t\t\t\t\t\t\t<img decoding=\"async\" width=\"453\" height=\"439\" src=\"https:\/\/aoosbiofarm.com\/wp-content\/uploads\/2026\/02\/Vector1.png\" class=\"attachment-full size-full wp-image-1140\" alt=\"\" srcset=\"https:\/\/aoosbiofarm.com\/wp-content\/uploads\/2026\/02\/Vector1.png 453w, https:\/\/aoosbiofarm.com\/wp-content\/uploads\/2026\/02\/Vector1-300x291.png 300w, https:\/\/aoosbiofarm.com\/wp-content\/uploads\/2026\/02\/Vector1-12x12.png 12w\" sizes=\"(max-width: 453px) 100vw, 453px\" \/>\t\t\t\t\t\t\t\t\t\t\t\t\t\t\t<\/div>\n\t\t\t\t<\/div>\n\t\t<div class=\"elementor-element elementor-element-d9c2b1f e-con-full e-flex e-con e-child\" data-id=\"d9c2b1f\" data-element_type=\"container\" data-e-type=\"container\">\n\t\t\t\t<div class=\"elementor-element elementor-element-dafec79 elementor-widget elementor-widget-heading\" data-id=\"dafec79\" data-element_type=\"widget\" data-e-type=\"widget\" data-widget_type=\"heading.default\">\n\t\t\t\t\t<h2 class=\"elementor-heading-title elementor-size-default\">Kashkaval Cheese<\/h2>\t\t\t\t<\/div>\n\t\t\t\t<div class=\"elementor-element elementor-element-baf09ec elementor-widget elementor-widget-heading\" data-id=\"baf09ec\" data-element_type=\"widget\" data-e-type=\"widget\" data-widget_type=\"heading.default\">\n\t\t\t\t\t<h3 class=\"elementor-heading-title elementor-size-default\">Kashkaval cheese with a full flavor and compact texture, suitable for cooking, baking, and direct consumption. It melts evenly and retains its natural character in every use.<\/h3>\t\t\t\t<\/div>\n\t\t\t\t<\/div>\n\t\t\t\t<\/div>\n\t\t<div class=\"elementor-element elementor-element-cb01fc3 e-con-full e-flex e-con e-child\" data-id=\"cb01fc3\" data-element_type=\"container\" data-e-type=\"container\" id=\"gjiz\">\n\t\t<div class=\"elementor-element elementor-element-4ab2a18 e-con-full e-flex e-con e-child\" data-id=\"4ab2a18\" data-element_type=\"container\" data-e-type=\"container\">\n\t\t\t\t<div class=\"elementor-element elementor-element-c491990 elementor-widget elementor-widget-heading\" data-id=\"c491990\" data-element_type=\"widget\" data-e-type=\"widget\" data-widget_type=\"heading.default\">\n\t\t\t\t\t<h2 class=\"elementor-heading-title elementor-size-default\">Curd cheese<\/h2>\t\t\t\t<\/div>\n\t\t\t\t<div class=\"elementor-element elementor-element-3a5c2f3 elementor-widget elementor-widget-heading\" data-id=\"3a5c2f3\" data-element_type=\"widget\" data-e-type=\"widget\" data-widget_type=\"heading.default\">\n\t\t\t\t\t<h3 class=\"elementor-heading-title elementor-size-default\">Prepared from sheep\u2019s milk whey, fresh, light, and with a natural taste, without compromise. Carefully packaged to preserve the freshness, texture, and purity of the product, from the moment of production to your table.<\/h3>\t\t\t\t<\/div>\n\t\t\t\t<\/div>\n\t\t<div class=\"elementor-element elementor-element-11d2bd2 e-con-full e-flex e-con e-child\" data-id=\"11d2bd2\" data-element_type=\"container\" data-e-type=\"container\">\n\t\t\t\t<div class=\"elementor-element elementor-element-2632c0c elementor-widget elementor-widget-image\" data-id=\"2632c0c\" data-element_type=\"widget\" data-e-type=\"widget\" data-widget_type=\"image.default\">\n\t\t\t\t\t\t\t\t\t\t\t\t\t\t\t<img decoding=\"async\" width=\"453\" height=\"439\" src=\"https:\/\/aoosbiofarm.com\/wp-content\/uploads\/2026\/02\/Vector2.png\" class=\"attachment-full size-full wp-image-1139\" alt=\"\" srcset=\"https:\/\/aoosbiofarm.com\/wp-content\/uploads\/2026\/02\/Vector2.png 453w, https:\/\/aoosbiofarm.com\/wp-content\/uploads\/2026\/02\/Vector2-300x291.png 300w, https:\/\/aoosbiofarm.com\/wp-content\/uploads\/2026\/02\/Vector2-12x12.png 12w\" sizes=\"(max-width: 453px) 100vw, 453px\" \/>\t\t\t\t\t\t\t\t\t\t\t\t\t\t\t<\/div>\n\t\t\t\t<\/div>\n\t\t\t\t<\/div>\n\t\t<div class=\"elementor-element elementor-element-294811a e-con-full e-flex e-con e-child\" data-id=\"294811a\" data-element_type=\"container\" data-e-type=\"container\" id=\"gjalp\">\n\t\t<div class=\"elementor-element elementor-element-73abfa2 e-con-full e-flex e-con e-child\" data-id=\"73abfa2\" data-element_type=\"container\" data-e-type=\"container\">\n\t\t\t\t<div class=\"elementor-element elementor-element-1deb9fa elementor-widget elementor-widget-image\" data-id=\"1deb9fa\" data-element_type=\"widget\" data-e-type=\"widget\" data-widget_type=\"image.default\">\n\t\t\t\t\t\t\t\t\t\t\t\t\t\t\t<img loading=\"lazy\" decoding=\"async\" width=\"453\" height=\"439\" src=\"https:\/\/aoosbiofarm.com\/wp-content\/uploads\/2026\/02\/Vector3.png\" class=\"attachment-full size-full wp-image-1138\" alt=\"\" srcset=\"https:\/\/aoosbiofarm.com\/wp-content\/uploads\/2026\/02\/Vector3.png 453w, https:\/\/aoosbiofarm.com\/wp-content\/uploads\/2026\/02\/Vector3-300x291.png 300w, https:\/\/aoosbiofarm.com\/wp-content\/uploads\/2026\/02\/Vector3-12x12.png 12w\" sizes=\"(max-width: 453px) 100vw, 453px\" \/>\t\t\t\t\t\t\t\t\t\t\t\t\t\t\t<\/div>\n\t\t\t\t<\/div>\n\t\t<div class=\"elementor-element elementor-element-d39a704 e-con-full e-flex e-con e-child\" data-id=\"d39a704\" data-element_type=\"container\" data-e-type=\"container\">\n\t\t\t\t<div class=\"elementor-element elementor-element-97b03aa elementor-widget elementor-widget-heading\" data-id=\"97b03aa\" data-element_type=\"widget\" data-e-type=\"widget\" data-widget_type=\"heading.default\">\n\t\t\t\t\t<h2 class=\"elementor-heading-title elementor-size-default\">Butter <\/h2>\t\t\t\t<\/div>\n\t\t\t\t<div class=\"elementor-element elementor-element-6bed195 elementor-widget elementor-widget-heading\" data-id=\"6bed195\" data-element_type=\"widget\" data-e-type=\"widget\" data-widget_type=\"heading.default\">\n\t\t\t\t\t<h3 class=\"elementor-heading-title elementor-size-default\">Butter with a rich aroma and natural texture, suitable for cooking and baking. Balanced in flavor and stable in use, without unnecessary additives.<\/h3>\t\t\t\t<\/div>\n\t\t\t\t<\/div>\n\t\t\t\t<\/div>\n\t\t<div class=\"elementor-element elementor-element-2ae2c4a e-con-full e-flex e-con e-child\" data-id=\"2ae2c4a\" data-element_type=\"container\" data-e-type=\"container\" id=\"salc\">\n\t\t<div class=\"elementor-element elementor-element-9a31be7 e-con-full e-flex e-con e-child\" data-id=\"9a31be7\" data-element_type=\"container\" data-e-type=\"container\">\n\t\t\t\t<div class=\"elementor-element elementor-element-41dd0b3 elementor-widget elementor-widget-heading\" data-id=\"41dd0b3\" data-element_type=\"widget\" data-e-type=\"widget\" data-widget_type=\"heading.default\">\n\t\t\t\t\t<h2 class=\"elementor-heading-title elementor-size-default\">Sour Cream<\/h2>\t\t\t\t<\/div>\n\t\t\t\t<div class=\"elementor-element elementor-element-e588ee3 elementor-widget elementor-widget-heading\" data-id=\"e588ee3\" data-element_type=\"widget\" data-e-type=\"widget\" data-widget_type=\"heading.default\">\n\t\t\t\t\t<h3 class=\"elementor-heading-title elementor-size-default\">Fresh and creamy sour cream, with a mild taste and smooth texture.\nSuitable for accompanying meals, traditional dishes, or daily consumption.<\/h3>\t\t\t\t<\/div>\n\t\t\t\t<\/div>\n\t\t<div class=\"elementor-element elementor-element-0fcef8f e-con-full e-flex e-con e-child\" data-id=\"0fcef8f\" data-element_type=\"container\" data-e-type=\"container\">\n\t\t\t\t<div class=\"elementor-element elementor-element-2bd79dc elementor-widget elementor-widget-image\" data-id=\"2bd79dc\" data-element_type=\"widget\" data-e-type=\"widget\" data-widget_type=\"image.default\">\n\t\t\t\t\t\t\t\t\t\t\t\t\t\t\t<img loading=\"lazy\" decoding=\"async\" width=\"453\" height=\"439\" src=\"https:\/\/aoosbiofarm.com\/wp-content\/uploads\/2026\/02\/Vector4.png\" class=\"attachment-full size-full wp-image-1137\" alt=\"\" srcset=\"https:\/\/aoosbiofarm.com\/wp-content\/uploads\/2026\/02\/Vector4.png 453w, https:\/\/aoosbiofarm.com\/wp-content\/uploads\/2026\/02\/Vector4-300x291.png 300w, https:\/\/aoosbiofarm.com\/wp-content\/uploads\/2026\/02\/Vector4-12x12.png 12w\" sizes=\"(max-width: 453px) 100vw, 453px\" \/>\t\t\t\t\t\t\t\t\t\t\t\t\t\t\t<\/div>\n\t\t\t\t<\/div>\n\t\t\t\t<\/div>\n\t\t\t\t<\/div>\n\t\t\t\t<\/div>","protected":false},"excerpt":{"rendered":"<p>Zbulo produktet tona. Dhjath i bardh\u00eb I p\u00ebrgatitur nga qum\u00ebshti i deles, me shije t\u00eb past\u00ebr dhe struktur\u00eb t\u00eb but\u00eb, ideal p\u00ebr konsum t\u00eb p\u00ebrditsh\u00ebm dhe receta tradicionale. I ruajtur dhe i paketuar p\u00ebr t\u00eb mbajtur balanc\u00ebn natyrale t\u00eb shijes dhe freskin\u00eb e produktit. Djath ka\u00e7kavall Djath\u00eb ka\u00e7kavall me shije t\u00eb plot\u00eb dhe struktur\u00eb kompakte, [&hellip;]<\/p>\n","protected":false},"author":1,"featured_media":0,"parent":0,"menu_order":0,"comment_status":"closed","ping_status":"closed","template":"","meta":{"_acf_changed":false,"footnotes":""},"class_list":["post-63","page","type-page","status-publish","hentry"],"acf":[],"_links":{"self":[{"href":"https:\/\/aoosbiofarm.com\/en\/wp-json\/wp\/v2\/pages\/63","targetHints":{"allow":["GET"]}}],"collection":[{"href":"https:\/\/aoosbiofarm.com\/en\/wp-json\/wp\/v2\/pages"}],"about":[{"href":"https:\/\/aoosbiofarm.com\/en\/wp-json\/wp\/v2\/types\/page"}],"author":[{"embeddable":true,"href":"https:\/\/aoosbiofarm.com\/en\/wp-json\/wp\/v2\/users\/1"}],"replies":[{"embeddable":true,"href":"https:\/\/aoosbiofarm.com\/en\/wp-json\/wp\/v2\/comments?post=63"}],"version-history":[{"count":49,"href":"https:\/\/aoosbiofarm.com\/en\/wp-json\/wp\/v2\/pages\/63\/revisions"}],"predecessor-version":[{"id":1144,"href":"https:\/\/aoosbiofarm.com\/en\/wp-json\/wp\/v2\/pages\/63\/revisions\/1144"}],"wp:attachment":[{"href":"https:\/\/aoosbiofarm.com\/en\/wp-json\/wp\/v2\/media?parent=63"}],"curies":[{"name":"wp","href":"https:\/\/api.w.org\/{rel}","templated":true}]}}