{"id":69,"date":"2025-12-08T12:44:43","date_gmt":"2025-12-08T12:44:43","guid":{"rendered":"http:\/\/52.57.92.130\/?page_id=69"},"modified":"2026-02-16T14:33:49","modified_gmt":"2026-02-16T14:33:49","slug":"kontakt","status":"publish","type":"page","link":"https:\/\/aoosbiofarm.com\/en\/kontakt\/","title":{"rendered":"Contact"},"content":{"rendered":"\t\t<div data-elementor-type=\"wp-page\" data-elementor-id=\"69\" class=\"elementor elementor-69\" data-elementor-post-type=\"page\">\n\t\t\t\t<div class=\"elementor-element elementor-element-5d5a75f e-con-full e-flex e-con e-parent\" data-id=\"5d5a75f\" data-element_type=\"container\" data-e-type=\"container\" data-settings=\"{&quot;background_background&quot;:&quot;classic&quot;}\">\n\t\t\t\t<div class=\"elementor-element elementor-element-923a65b elementor-widget__width-initial elementor-widget elementor-widget-heading\" data-id=\"923a65b\" data-element_type=\"widget\" data-e-type=\"widget\" data-widget_type=\"heading.default\">\n\t\t\t\t\t<h1 class=\"elementor-heading-title elementor-size-default\">Na\nkontaktoni.<\/h1>\t\t\t\t<\/div>\n\t\t\t\t<div class=\"elementor-element elementor-element-68f14d1 elementor-absolute elementor-widget elementor-widget-image\" data-id=\"68f14d1\" data-element_type=\"widget\" data-e-type=\"widget\" data-settings=\"{&quot;_position&quot;:&quot;absolute&quot;}\" data-widget_type=\"image.default\">\n\t\t\t\t\t\t\t\t\t\t\t\t\t\t\t<img fetchpriority=\"high\" decoding=\"async\" width=\"449\" height=\"489\" src=\"https:\/\/aoosbiofarm.com\/wp-content\/uploads\/2025\/12\/Group-2-1.png\" class=\"attachment-full size-full wp-image-844\" alt=\"\" srcset=\"https:\/\/aoosbiofarm.com\/wp-content\/uploads\/2025\/12\/Group-2-1.png 449w, https:\/\/aoosbiofarm.com\/wp-content\/uploads\/2025\/12\/Group-2-1-275x300.png 275w, https:\/\/aoosbiofarm.com\/wp-content\/uploads\/2025\/12\/Group-2-1-11x12.png 11w\" sizes=\"(max-width: 449px) 100vw, 449px\" \/>\t\t\t\t\t\t\t\t\t\t\t\t\t\t\t<\/div>\n\t\t\t\t<\/div>\n\t\t<div class=\"elementor-element elementor-element-f135ce9 e-con-full e-flex e-con e-parent\" data-id=\"f135ce9\" data-element_type=\"container\" data-e-type=\"container\" data-settings=\"{&quot;background_background&quot;:&quot;classic&quot;}\">\n\t\t<div class=\"elementor-element elementor-element-915d3aa e-con-full e-flex e-con e-child\" data-id=\"915d3aa\" data-element_type=\"container\" data-e-type=\"container\">\n\t\t\t\t<div class=\"elementor-element elementor-element-333bef8 elementor-button-align-stretch elementor-widget elementor-widget-form\" data-id=\"333bef8\" data-element_type=\"widget\" data-e-type=\"widget\" data-settings=\"{&quot;step_next_label&quot;:&quot;Next&quot;,&quot;step_previous_label&quot;:&quot;Previous&quot;,&quot;button_width&quot;:&quot;100&quot;,&quot;step_type&quot;:&quot;number_text&quot;,&quot;step_icon_shape&quot;:&quot;circle&quot;}\" data-widget_type=\"form.default\">\n\t\t\t\t\t\t\t<form class=\"elementor-form\" method=\"post\" name=\"Kontakt\" aria-label=\"Kontakt\">\n\t\t\t<input type=\"hidden\" name=\"post_id\" value=\"69\"\/>\n\t\t\t<input type=\"hidden\" name=\"form_id\" value=\"333bef8\"\/>\n\t\t\t<input type=\"hidden\" name=\"referer_title\" value=\"Kontakt\" \/>\n\n\t\t\t\t\t\t\t<input type=\"hidden\" name=\"queried_id\" value=\"69\"\/>\n\t\t\t\n\t\t\t<div class=\"elementor-form-fields-wrapper elementor-labels-above\">\n\t\t\t\t\t\t\t\t<div class=\"elementor-field-type-text elementor-field-group elementor-column elementor-field-group-emri elementor-col-50\">\n\t\t\t\t\t\t\t\t\t\t\t\t<label for=\"form-field-emri\" class=\"elementor-field-label\">\n\t\t\t\t\t\t\t\tEmri\t\t\t\t\t\t\t<\/label>\n\t\t\t\t\t\t\t\t\t\t\t\t\t\t<input size=\"1\" type=\"text\" name=\"form_fields[emri]\" id=\"form-field-emri\" class=\"elementor-field elementor-size-sm  elementor-field-textual\" placeholder=\"Emri\">\n\t\t\t\t\t\t\t\t\t\t\t<\/div>\n\t\t\t\t\t\t\t\t<div class=\"elementor-field-type-text elementor-field-group elementor-column elementor-field-group-mbiemri elementor-col-50\">\n\t\t\t\t\t\t\t\t\t\t\t\t<label for=\"form-field-mbiemri\" class=\"elementor-field-label\">\n\t\t\t\t\t\t\t\tMbiemri\t\t\t\t\t\t\t<\/label>\n\t\t\t\t\t\t\t\t\t\t\t\t\t\t<input size=\"1\" type=\"text\" name=\"form_fields[mbiemri]\" id=\"form-field-mbiemri\" class=\"elementor-field elementor-size-sm  elementor-field-textual\" placeholder=\"Mbiemri\">\n\t\t\t\t\t\t\t\t\t\t\t<\/div>\n\t\t\t\t\t\t\t\t<div class=\"elementor-field-type-email elementor-field-group elementor-column elementor-field-group-email elementor-col-50 elementor-field-required\">\n\t\t\t\t\t\t\t\t\t\t\t\t<label for=\"form-field-email\" class=\"elementor-field-label\">\n\t\t\t\t\t\t\t\tEmail\t\t\t\t\t\t\t<\/label>\n\t\t\t\t\t\t\t\t\t\t\t\t\t\t<input size=\"1\" type=\"email\" name=\"form_fields[email]\" id=\"form-field-email\" class=\"elementor-field elementor-size-sm  elementor-field-textual\" placeholder=\"Email\" required=\"required\">\n\t\t\t\t\t\t\t\t\t\t\t<\/div>\n\t\t\t\t\t\t\t\t<div class=\"elementor-field-type-tel elementor-field-group elementor-column elementor-field-group-numerkontakti elementor-col-50\">\n\t\t\t\t\t\t\t\t\t\t\t\t<label for=\"form-field-numerkontakti\" class=\"elementor-field-label\">\n\t\t\t\t\t\t\t\tNum\u00ebr Kontakti\t\t\t\t\t\t\t<\/label>\n\t\t\t\t\t\t\t\t<input size=\"1\" type=\"tel\" name=\"form_fields[numerkontakti]\" id=\"form-field-numerkontakti\" class=\"elementor-field elementor-size-sm  elementor-field-textual\" placeholder=\"+355 69 999 9999\" pattern=\"[0-9()#&amp;+*-=.]+\" title=\"Only numbers and phone characters (#, -, *, etc) are accepted.\">\n\n\t\t\t\t\t\t<\/div>\n\t\t\t\t\t\t\t\t<div class=\"elementor-field-type-textarea elementor-field-group elementor-column elementor-field-group-message elementor-col-100\">\n\t\t\t\t\t\t\t\t\t\t\t\t<label for=\"form-field-message\" class=\"elementor-field-label\">\n\t\t\t\t\t\t\t\tMessage\t\t\t\t\t\t\t<\/label>\n\t\t\t\t\t\t<textarea class=\"elementor-field-textual elementor-field  elementor-size-sm\" name=\"form_fields[message]\" id=\"form-field-message\" rows=\"4\" placeholder=\"Message\"><\/textarea>\t\t\t\t<\/div>\n\t\t\t\t\t\t\t\t<div class=\"elementor-field-group elementor-column elementor-field-type-submit elementor-col-100 e-form__buttons\">\n\t\t\t\t\t<button class=\"elementor-button elementor-size-sm\" type=\"submit\">\n\t\t\t\t\t\t<span class=\"elementor-button-content-wrapper\">\n\t\t\t\t\t\t\t\t\t\t\t\t\t\t\t\t\t\t\t\t\t\t<span class=\"elementor-button-text\">D\u00ebrgo mesazhin<\/span>\n\t\t\t\t\t\t\t\t\t\t\t\t\t<\/span>\n\t\t\t\t\t<\/button>\n\t\t\t\t<\/div>\n\t\t\t<\/div>\n\t\t<\/form>\n\t\t\t\t\t\t<\/div>\n\t\t\t\t<\/div>\n\t\t<div class=\"elementor-element elementor-element-cf4c470 e-con-full e-flex e-con e-child\" data-id=\"cf4c470\" data-element_type=\"container\" data-e-type=\"container\">\n\t\t\t\t<div class=\"elementor-element elementor-element-861fb7f elementor-widget elementor-widget-heading\" data-id=\"861fb7f\" data-element_type=\"widget\" data-e-type=\"widget\" data-widget_type=\"heading.default\">\n\t\t\t\t\t<h5 class=\"elementor-heading-title elementor-size-default\">Na vjen shum\u00eb mir\u00eb t\u00eb d\u00ebgjojm\u00eb nga ju! Na shkruani p\u00ebr komente, pyetje apo sugjerime \u2013 ekipi yn\u00eb i p\u00ebrkushtuar do t\u2019ju p\u00ebrgjigjet sa m\u00eb shpejt t\u00eb jet\u00eb e mundur.<\/h5>\t\t\t\t<\/div>\n\t\t<div class=\"elementor-element elementor-element-d90feb7 e-con-full e-flex e-con e-child\" data-id=\"d90feb7\" data-element_type=\"container\" data-e-type=\"container\">\n\t\t\t\t<div class=\"elementor-element elementor-element-2739e81 elementor-widget elementor-widget-heading\" data-id=\"2739e81\" data-element_type=\"widget\" data-e-type=\"widget\" data-widget_type=\"heading.default\">\n\t\t\t\t\t<h6 class=\"elementor-heading-title elementor-size-default\">Na kontaktoni<\/h6>\t\t\t\t<\/div>\n\t\t<div class=\"elementor-element elementor-element-0decc34 e-con-full e-flex e-con e-child\" data-id=\"0decc34\" data-element_type=\"container\" data-e-type=\"container\">\n\t\t\t\t<div class=\"elementor-element elementor-element-f667447 elementor-widget elementor-widget-heading\" data-id=\"f667447\" data-element_type=\"widget\" data-e-type=\"widget\" data-widget_type=\"heading.default\">\n\t\t\t\t\t<h5 class=\"elementor-heading-title elementor-size-default\"><a href=\"tel:+355692041996\">+(355) 692 041 996<\/a><\/h5>\t\t\t\t<\/div>\n\t\t\t\t<div class=\"elementor-element elementor-element-48ed38a elementor-widget elementor-widget-heading\" data-id=\"48ed38a\" data-element_type=\"widget\" data-e-type=\"widget\" data-widget_type=\"heading.default\">\n\t\t\t\t\t<h5 class=\"elementor-heading-title elementor-size-default\"><a href=\"mailto:aoos@aoosbiofarm.al\">aoos@aoosbiofarm.al<\/a><\/h5>\t\t\t\t<\/div>\n\t\t\t\t<\/div>\n\t\t\t\t<\/div>\n\t\t<div class=\"elementor-element elementor-element-418d3f3 e-con-full e-flex e-con e-child\" data-id=\"418d3f3\" data-element_type=\"container\" data-e-type=\"container\">\n\t\t\t\t<div class=\"elementor-element elementor-element-297f384 elementor-widget elementor-widget-heading\" data-id=\"297f384\" data-element_type=\"widget\" data-e-type=\"widget\" data-widget_type=\"heading.default\">\n\t\t\t\t\t<h6 class=\"elementor-heading-title elementor-size-default\">Vendndodhja<\/h6>\t\t\t\t<\/div>\n\t\t<div class=\"elementor-element elementor-element-fb4f2cd e-con-full e-flex e-con e-child\" data-id=\"fb4f2cd\" data-element_type=\"container\" data-e-type=\"container\">\n\t\t\t\t<div class=\"elementor-element elementor-element-b6b9cd3 elementor-widget elementor-widget-heading\" data-id=\"b6b9cd3\" data-element_type=\"widget\" data-e-type=\"widget\" data-widget_type=\"heading.default\">\n\t\t\t\t\t<h5 class=\"elementor-heading-title elementor-size-default\"><a href=\"https:\/\/share.google\/yW3OGkDpz53mMPJGX\">Mbrezhdan, Shqip\u00ebri<\/a><\/h5>\t\t\t\t<\/div>\n\t\t\t\t<\/div>\n\t\t\t\t<\/div>\n\t\t\t\t<\/div>\n\t\t\t\t<\/div>\n\t\t\t\t<\/div>\n\t\t","protected":false},"excerpt":{"rendered":"<p>Na kontaktoni. Na vjen shum\u00eb mir\u00eb t\u00eb d\u00ebgjojm\u00eb nga ju! Na shkruani p\u00ebr komente, pyetje apo sugjerime \u2013 ekipi yn\u00eb i p\u00ebrkushtuar do t\u2019ju p\u00ebrgjigjet sa m\u00eb shpejt t\u00eb jet\u00eb e mundur. Na kontaktoni +(355) 692 041 996 aoos@aoosbiofarm.al Vendndodhja Mbrezhdan, Shqip\u00ebri<\/p>","protected":false},"author":1,"featured_media":0,"parent":0,"menu_order":0,"comment_status":"closed","ping_status":"closed","template":"","meta":{"_acf_changed":false,"footnotes":""},"class_list":["post-69","page","type-page","status-publish","hentry"],"acf":[],"_links":{"self":[{"href":"https:\/\/aoosbiofarm.com\/en\/wp-json\/wp\/v2\/pages\/69","targetHints":{"allow":["GET"]}}],"collection":[{"href":"https:\/\/aoosbiofarm.com\/en\/wp-json\/wp\/v2\/pages"}],"about":[{"href":"https:\/\/aoosbiofarm.com\/en\/wp-json\/wp\/v2\/types\/page"}],"author":[{"embeddable":true,"href":"https:\/\/aoosbiofarm.com\/en\/wp-json\/wp\/v2\/users\/1"}],"replies":[{"embeddable":true,"href":"https:\/\/aoosbiofarm.com\/en\/wp-json\/wp\/v2\/comments?post=69"}],"version-history":[{"count":37,"href":"https:\/\/aoosbiofarm.com\/en\/wp-json\/wp\/v2\/pages\/69\/revisions"}],"predecessor-version":[{"id":1121,"href":"https:\/\/aoosbiofarm.com\/en\/wp-json\/wp\/v2\/pages\/69\/revisions\/1121"}],"wp:attachment":[{"href":"https:\/\/aoosbiofarm.com\/en\/wp-json\/wp\/v2\/media?parent=69"}],"curies":[{"name":"wp","href":"https:\/\/api.w.org\/{rel}","templated":true}]}}